{"id":445,"date":"2016-09-27T10:30:02","date_gmt":"2016-09-27T08:30:02","guid":{"rendered":"http:\/\/fitness2.mythemecloud.io\/?page_id=445"},"modified":"2022-01-03T16:27:55","modified_gmt":"2022-01-03T15:27:55","slug":"kontakt","status":"publish","type":"page","link":"https:\/\/www.seppo-solutions.com\/?page_id=445","title":{"rendered":"Kontakt"},"content":{"rendered":"\t\t<div data-elementor-type=\"wp-page\" data-elementor-id=\"445\" class=\"elementor elementor-445\">\n\t\t\t\t\t\t<section class=\"elementor-section elementor-top-section elementor-element elementor-element-rwkgkoz elementor-section-full_width elementor-section-height-default elementor-section-height-default\" data-id=\"rwkgkoz\" data-element_type=\"section\">\n\t\t\t\t\t\t<div class=\"elementor-container elementor-column-gap-no\">\n\t\t\t\t\t<div class=\"elementor-column elementor-col-100 elementor-top-column elementor-element elementor-element-qndsqcb\" data-id=\"qndsqcb\" data-element_type=\"column\">\n\t\t\t<div class=\"elementor-widget-wrap elementor-element-populated\">\n\t\t\t\t\t\t<div class=\"elementor-element elementor-element-ixzcuep elementor-widget elementor-widget-google_maps\" data-id=\"ixzcuep\" data-element_type=\"widget\" data-widget_type=\"google_maps.default\">\n\t\t\t\t<div class=\"elementor-widget-container\">\n\t\t\t\t\t\t\t<div class=\"elementor-custom-embed\">\n\t\t\t<iframe loading=\"lazy\"\n\t\t\t\t\tsrc=\"https:\/\/maps.google.com\/maps?q=Ahstedter%20Str.%2019%2C%2031174%20Schellerten%2C%20Deutschland&#038;t=m&#038;z=10&#038;output=embed&#038;iwloc=near\"\n\t\t\t\t\ttitle=\"Ahstedter Str. 19, 31174 Schellerten, Deutschland\"\n\t\t\t\t\taria-label=\"Ahstedter Str. 19, 31174 Schellerten, Deutschland\"\n\t\t\t><\/iframe>\n\t\t<\/div>\n\t\t\t\t\t\t<\/div>\n\t\t\t\t<\/div>\n\t\t\t\t<div class=\"elementor-element elementor-element-rvmudnr elementor-widget elementor-widget-spacer\" data-id=\"rvmudnr\" data-element_type=\"widget\" data-widget_type=\"spacer.default\">\n\t\t\t\t<div class=\"elementor-widget-container\">\n\t\t\t\t\t\t\t<div class=\"elementor-spacer\">\n\t\t\t<div class=\"elementor-spacer-inner\"><\/div>\n\t\t<\/div>\n\t\t\t\t\t\t<\/div>\n\t\t\t\t<\/div>\n\t\t\t\t\t<\/div>\n\t\t<\/div>\n\t\t\t\t\t<\/div>\n\t\t<\/section>\n\t\t\t\t<section class=\"elementor-section elementor-top-section elementor-element elementor-element-abbqiuw elementor-section-boxed elementor-section-height-default elementor-section-height-default\" data-id=\"abbqiuw\" data-element_type=\"section\">\n\t\t\t\t\t\t<div class=\"elementor-container elementor-column-gap-default\">\n\t\t\t\t\t<div class=\"elementor-column elementor-col-50 elementor-top-column elementor-element elementor-element-kdugavq\" data-id=\"kdugavq\" data-element_type=\"column\">\n\t\t\t<div class=\"elementor-widget-wrap elementor-element-populated\">\n\t\t\t\t\t\t<div class=\"elementor-element elementor-element-krvwqem elementor-view-stacked elementor-position-left elementor-shape-circle elementor-mobile-position-top elementor-widget elementor-widget-icon-box\" data-id=\"krvwqem\" data-element_type=\"widget\" data-widget_type=\"icon-box.default\">\n\t\t\t\t<div class=\"elementor-widget-container\">\n\t\t\t\t\t\t\t<div class=\"elementor-icon-box-wrapper\">\n\n\t\t\t\t\t\t<div class=\"elementor-icon-box-icon\">\n\t\t\t\t<span  class=\"elementor-icon\">\n\t\t\t\t<i aria-hidden=\"true\" class=\"fas fa-home\"><\/i>\t\t\t\t<\/span>\n\t\t\t<\/div>\n\t\t\t\n\t\t\t\t\t\t<div class=\"elementor-icon-box-content\">\n\n\t\t\t\t\t\t\t\t\t<h3 class=\"elementor-icon-box-title\">\n\t\t\t\t\t\t<span  >\n\t\t\t\t\t\t\tAnschrift\t\t\t\t\t\t<\/span>\n\t\t\t\t\t<\/h3>\n\t\t\t\t\n\t\t\t\t\t\t\t\t\t<p class=\"elementor-icon-box-description\">\n\t\t\t\t\t\tAhstedter Str. 19<br>\n31174 Schellerten<br>\nDeutschland\t\t\t\t\t<\/p>\n\t\t\t\t\n\t\t\t<\/div>\n\t\t\t\n\t\t<\/div>\n\t\t\t\t\t\t<\/div>\n\t\t\t\t<\/div>\n\t\t\t\t<div class=\"elementor-element elementor-element-jtlkdht elementor-view-stacked elementor-position-left elementor-shape-circle elementor-mobile-position-top elementor-widget elementor-widget-icon-box\" data-id=\"jtlkdht\" data-element_type=\"widget\" data-widget_type=\"icon-box.default\">\n\t\t\t\t<div class=\"elementor-widget-container\">\n\t\t\t\t\t\t\t<div class=\"elementor-icon-box-wrapper\">\n\n\t\t\t\t\t\t<div class=\"elementor-icon-box-icon\">\n\t\t\t\t<span  class=\"elementor-icon\">\n\t\t\t\t<i aria-hidden=\"true\" class=\"fas fa-phone-volume\"><\/i>\t\t\t\t<\/span>\n\t\t\t<\/div>\n\t\t\t\n\t\t\t\t\t\t<div class=\"elementor-icon-box-content\">\n\n\t\t\t\t\t\t\t\t\t<h3 class=\"elementor-icon-box-title\">\n\t\t\t\t\t\t<span  >\n\t\t\t\t\t\t\tTelefon\t\t\t\t\t\t<\/span>\n\t\t\t\t\t<\/h3>\n\t\t\t\t\n\t\t\t\t\t\t\t\t\t<p class=\"elementor-icon-box-description\">\n\t\t\t\t\t\t+49 174 41 87 047<br>+49 5123 32 449 55\t\t\t\t\t<\/p>\n\t\t\t\t\n\t\t\t<\/div>\n\t\t\t\n\t\t<\/div>\n\t\t\t\t\t\t<\/div>\n\t\t\t\t<\/div>\n\t\t\t\t<div class=\"elementor-element elementor-element-815b1de elementor-view-stacked elementor-position-left elementor-shape-circle elementor-mobile-position-top elementor-widget elementor-widget-icon-box\" data-id=\"815b1de\" data-element_type=\"widget\" data-widget_type=\"icon-box.default\">\n\t\t\t\t<div class=\"elementor-widget-container\">\n\t\t\t\t\t\t\t<div class=\"elementor-icon-box-wrapper\">\n\n\t\t\t\t\t\t<div class=\"elementor-icon-box-icon\">\n\t\t\t\t<span  class=\"elementor-icon\">\n\t\t\t\t<i aria-hidden=\"true\" class=\"fas fa-fax\"><\/i>\t\t\t\t<\/span>\n\t\t\t<\/div>\n\t\t\t\n\t\t\t\t\t\t<div class=\"elementor-icon-box-content\">\n\n\t\t\t\t\t\t\t\t\t<h3 class=\"elementor-icon-box-title\">\n\t\t\t\t\t\t<span  >\n\t\t\t\t\t\t\tFax\t\t\t\t\t\t<\/span>\n\t\t\t\t\t<\/h3>\n\t\t\t\t\n\t\t\t\t\t\t\t\t\t<p class=\"elementor-icon-box-description\">\n\t\t\t\t\t\t+49 5123 20 449 60\t\t\t\t\t<\/p>\n\t\t\t\t\n\t\t\t<\/div>\n\t\t\t\n\t\t<\/div>\n\t\t\t\t\t\t<\/div>\n\t\t\t\t<\/div>\n\t\t\t\t<div class=\"elementor-element elementor-element-atwyndn elementor-view-stacked elementor-position-left elementor-shape-circle elementor-mobile-position-top elementor-widget elementor-widget-icon-box\" data-id=\"atwyndn\" data-element_type=\"widget\" data-widget_type=\"icon-box.default\">\n\t\t\t\t<div class=\"elementor-widget-container\">\n\t\t\t\t\t\t\t<div class=\"elementor-icon-box-wrapper\">\n\n\t\t\t\t\t\t<div class=\"elementor-icon-box-icon\">\n\t\t\t\t<span  class=\"elementor-icon\">\n\t\t\t\t<i aria-hidden=\"true\" class=\"far fa-envelope\"><\/i>\t\t\t\t<\/span>\n\t\t\t<\/div>\n\t\t\t\n\t\t\t\t\t\t<div class=\"elementor-icon-box-content\">\n\n\t\t\t\t\t\t\t\t\t<h3 class=\"elementor-icon-box-title\">\n\t\t\t\t\t\t<span  >\n\t\t\t\t\t\t\tEmail Adresse\t\t\t\t\t\t<\/span>\n\t\t\t\t\t<\/h3>\n\t\t\t\t\n\t\t\t\t\t\t\t\t\t<p class=\"elementor-icon-box-description\">\n\t\t\t\t\t\tinfo@seppo-solutions.com\t\t\t\t\t<\/p>\n\t\t\t\t\n\t\t\t<\/div>\n\t\t\t\n\t\t<\/div>\n\t\t\t\t\t\t<\/div>\n\t\t\t\t<\/div>\n\t\t\t\t<div class=\"elementor-element elementor-element-aqzubmx elementor-widget elementor-widget-spacer\" data-id=\"aqzubmx\" data-element_type=\"widget\" data-widget_type=\"spacer.default\">\n\t\t\t\t<div class=\"elementor-widget-container\">\n\t\t\t\t\t\t\t<div class=\"elementor-spacer\">\n\t\t\t<div class=\"elementor-spacer-inner\"><\/div>\n\t\t<\/div>\n\t\t\t\t\t\t<\/div>\n\t\t\t\t<\/div>\n\t\t\t\t\t<\/div>\n\t\t<\/div>\n\t\t\t\t<div class=\"elementor-column elementor-col-50 elementor-top-column elementor-element elementor-element-iwxquou\" data-id=\"iwxquou\" data-element_type=\"column\">\n\t\t\t<div class=\"elementor-widget-wrap elementor-element-populated\">\n\t\t\t\t\t\t<div class=\"elementor-element elementor-element-d7b37a3 elementor-widget elementor-widget-shortcode\" data-id=\"d7b37a3\" data-element_type=\"widget\" data-widget_type=\"shortcode.default\">\n\t\t\t\t<div class=\"elementor-widget-container\">\n\t\t\t\t\t\t\t<div class=\"elementor-shortcode\"><div class=\"everest-forms\"><div class=\"evf-container default\" id=\"evf-1677\"><form id=\"evf-form-1677\" class=\"everest-form\" data-formid=\"1677\" data-ajax_submission=\"1\" data-keyboard_friendly_form=\"0\" data-form_state_type=\"\" method=\"post\" enctype=\"multipart\/form-data\" action=\"\/index.php?rest_route=%2Fwp%2Fv2%2Fpages%2F445\"><div class=\"evf-field-container\"><input type=\"hidden\" id=\"_wpnonce1677\" name=\"_wpnonce1677\" value=\"129cbfbd14\" \/><input type=\"hidden\" name=\"_wp_http_referer\" value=\"\/index.php?rest_route=%2Fwp%2Fv2%2Fpages%2F445\" \/><div class=\"evf-frontend-row\" data-row=\"row_1\" conditional_rules=\"[]\"><div class=\"evf-frontend-grid evf-grid-2\" data-grid=\"grid_1\"><div id=\"evf-1677-field_Gf4qbE1DBa-14-container\" class=\"evf-field evf-field-first-name form-row\" data-field-id=\"Gf4qbE1DBa-14\"><label class=\"evf-field-label\" for=\"evf-1677-field_Gf4qbE1DBa-14\"><span class=\"evf-label\">Vorname<\/span> <\/label><input type=\"text\" id=\"evf-1677-field_Gf4qbE1DBa-14\" class=\"input-text\" name=\"everest_forms[form_fields][Gf4qbE1DBa-14]\" placeholder=\"Vorname\" ><\/div><div id=\"evf-1677-field_XYnMdkQDKM-3-container\" class=\"evf-field evf-field-email form-row validate-required validate-email\" data-required-field-message=\"Bitte geben Sie eine g\u00fcltige E-Mail Adresse ein.\" data-field-id=\"XYnMdkQDKM-3\"><label class=\"evf-field-label\" for=\"evf-1677-field_XYnMdkQDKM-3\"><span class=\"evf-label\">Email<\/span> <abbr class=\"required\" title=\"Required\">*<\/abbr><\/label><input type=\"email\" id=\"evf-1677-field_XYnMdkQDKM-3\" class=\"input-text\" name=\"everest_forms[form_fields][XYnMdkQDKM-3]\" placeholder=\"e-Mail\" required ><div class=\"evf-field-description\">Bitte geben Sie Ihre E-Mail ein, sodass wir in Kontakt bleiben k\u00f6nnen.<\/div><\/div><\/div><div class=\"evf-frontend-grid evf-grid-2\" data-grid=\"grid_2\"><div id=\"evf-1677-field_lVizlNhYus-1-container\" class=\"evf-field evf-field-text form-row validate-required\" data-required-field-message=\"Dieses Feld ist erforderlich.\" data-field-id=\"lVizlNhYus-1\"><label class=\"evf-field-label\" for=\"evf-1677-field_lVizlNhYus-1\"><span class=\"evf-label\">Nachname<\/span> <abbr class=\"required\" title=\"Required\">*<\/abbr><\/label><input type=\"text\" id=\"evf-1677-field_lVizlNhYus-1\" class=\"input-text\" name=\"everest_forms[form_fields][lVizlNhYus-1]\" placeholder=\"Nachname\" required><\/div><div id=\"evf-1677-field_eRdHHeHhdC-21-container\" class=\"evf-field evf-field-text form-row\" data-field-id=\"eRdHHeHhdC-21\"><label class=\"evf-field-label\" for=\"evf-1677-field_eRdHHeHhdC-21\"><span class=\"evf-label\">Telefonnummer<\/span> <\/label><input type=\"text\" id=\"evf-1677-field_eRdHHeHhdC-21\" class=\"input-text\" name=\"everest_forms[form_fields][eRdHHeHhdC-21]\" placeholder=\"Ihre Telefonnummer\" ><\/div><\/div><\/div><div class=\"evf-frontend-row\" data-row=\"row_2\" conditional_rules=\"[]\"><div class=\"evf-frontend-grid evf-grid-1\" data-grid=\"grid_1\"><div id=\"evf-1677-field_cl9B0BSM7d-12-container\" class=\"evf-field evf-field-checkbox form-row everest-forms-list-3-columns validate-required\" data-required-field-message=\"Dieses Feld ist erforderlich.\" data-field-id=\"cl9B0BSM7d-12\"><label class=\"evf-field-label\" for=\"evf-1677-field_cl9B0BSM7d-12\"><span class=\"evf-label\">W\u00e4hlen Sie einen Grund | So k\u00f6nnen wir ausreichend Zeit f\u00fcr Sie einplanen<\/span> <abbr class=\"required\" title=\"Required\">*<\/abbr><\/label><ul id=\"evf-1677-field_cl9B0BSM7d-12\" class=\" evf-field-required\"><li class=\"choice-1 depth-1\"><input type=\"checkbox\" id=\"evf-1677-field_cl9B0BSM7d-12_1\" class=\"input-text\" name=\"everest_forms[form_fields][cl9B0BSM7d-12][]\" value=\"Verkauf\" required ><label class=\"everest-forms-field-label-inline\" for=\"evf-1677-field_cl9B0BSM7d-12_1\">Verkauf<\/label><\/li><li class=\"choice-2 depth-1\"><input type=\"checkbox\" id=\"evf-1677-field_cl9B0BSM7d-12_2\" class=\"input-text\" name=\"everest_forms[form_fields][cl9B0BSM7d-12][]\" value=\"IT - Anfrage\" required ><label class=\"everest-forms-field-label-inline\" for=\"evf-1677-field_cl9B0BSM7d-12_2\">IT - Anfrage<\/label><\/li><li class=\"choice-3 depth-1\"><input type=\"checkbox\" id=\"evf-1677-field_cl9B0BSM7d-12_3\" class=\"input-text\" name=\"everest_forms[form_fields][cl9B0BSM7d-12][]\" value=\"Telekom\" required ><label class=\"everest-forms-field-label-inline\" for=\"evf-1677-field_cl9B0BSM7d-12_3\">Telekom<\/label><\/li><li class=\"choice-4 depth-1\"><input type=\"checkbox\" id=\"evf-1677-field_cl9B0BSM7d-12_4\" class=\"input-text\" name=\"everest_forms[form_fields][cl9B0BSM7d-12][]\" value=\"Kunden-Support\" required ><label class=\"everest-forms-field-label-inline\" for=\"evf-1677-field_cl9B0BSM7d-12_4\">Kunden-Support<\/label><\/li><li class=\"choice-5 depth-1\"><input type=\"checkbox\" id=\"evf-1677-field_cl9B0BSM7d-12_5\" class=\"input-text\" name=\"everest_forms[form_fields][cl9B0BSM7d-12][]\" value=\"Medientechnik\" required ><label class=\"everest-forms-field-label-inline\" for=\"evf-1677-field_cl9B0BSM7d-12_5\">Medientechnik<\/label><\/li><li class=\"choice-6 depth-1\"><input type=\"checkbox\" id=\"evf-1677-field_cl9B0BSM7d-12_6\" class=\"input-text\" name=\"everest_forms[form_fields][cl9B0BSM7d-12][]\" value=\"Ankauf\" required ><label class=\"everest-forms-field-label-inline\" for=\"evf-1677-field_cl9B0BSM7d-12_6\">Ankauf<\/label><\/li><li class=\"choice-7 depth-1\"><input type=\"checkbox\" id=\"evf-1677-field_cl9B0BSM7d-12_7\" class=\"input-text\" name=\"everest_forms[form_fields][cl9B0BSM7d-12][]\" value=\"Industrieg\u00fcter\" required ><label class=\"everest-forms-field-label-inline\" for=\"evf-1677-field_cl9B0BSM7d-12_7\">Industrieg\u00fcter<\/label><\/li><li class=\"choice-8 depth-1\"><input type=\"checkbox\" id=\"evf-1677-field_cl9B0BSM7d-12_8\" class=\"input-text\" name=\"everest_forms[form_fields][cl9B0BSM7d-12][]\" value=\"Lagerung\" required ><label class=\"everest-forms-field-label-inline\" for=\"evf-1677-field_cl9B0BSM7d-12_8\">Lagerung<\/label><\/li><li class=\"choice-9 depth-1\"><input type=\"checkbox\" id=\"evf-1677-field_cl9B0BSM7d-12_9\" class=\"input-text\" name=\"everest_forms[form_fields][cl9B0BSM7d-12][]\" value=\"Sonstiges\" required ><label class=\"everest-forms-field-label-inline\" for=\"evf-1677-field_cl9B0BSM7d-12_9\">Sonstiges<\/label><\/li><\/ul><\/div><div id=\"evf-1677-field_PRZeexW4EM-11-container\" class=\"evf-field evf-field-select form-row\" data-field-id=\"PRZeexW4EM-11\"><label class=\"evf-field-label\" for=\"evf-1677-field_PRZeexW4EM-11\"><span class=\"evf-label\">Welches Team<\/span> <\/label><select id=\"evf-1677-field_PRZeexW4EM-11\" class=\"input-text\" name=\"everest_forms[form_fields][PRZeexW4EM-11]\" ><option value=\"Schnelles Support-Team\" >Schnelles Support-Team<\/option><option value=\"Sales Team\" >Sales Team<\/option><\/select><\/div><div id=\"evf-1677-field_ceMaLWmVzC-10-container\" class=\"evf-field evf-field-text form-row validate-required\" data-required-field-message=\"Dieses Feld ist erforderlich.\" data-field-id=\"ceMaLWmVzC-10\"><label class=\"evf-field-label\" for=\"evf-1677-field_ceMaLWmVzC-10\"><span class=\"evf-label\">Betreff (subject)<\/span> <abbr class=\"required\" title=\"Required\">*<\/abbr><\/label><input type=\"text\" id=\"evf-1677-field_ceMaLWmVzC-10\" class=\"input-text\" name=\"everest_forms[form_fields][ceMaLWmVzC-10]\" required><\/div><div id=\"evf-1677-field_qlhoXzawcU-13-container\" class=\"evf-field evf-field-textarea form-row validate-required\" data-required-field-message=\"Dieses Feld ist erforderlich.\" data-field-id=\"qlhoXzawcU-13\"><label class=\"evf-field-label\" for=\"evf-1677-field_qlhoXzawcU-13\"><span class=\"evf-label\">Nachricht<\/span> <abbr class=\"required\" title=\"Required\">*<\/abbr><\/label><textarea id=\"evf-1677-field_qlhoXzawcU-13\" class=\"input-text\" name=\"everest_forms[form_fields][qlhoXzawcU-13]\" placeholder=\"Erz\u00e4hlen Sie uns mehr \u00fcber Ihr Anliegen\" required ><\/textarea><\/div><div id=\"evf-1677-field_GBMWIJoR5R-17-container\" class=\"evf-field evf-field-checkbox form-row validate-required\" data-required-field-message=\"Dieses Feld ist erforderlich.\" data-field-id=\"GBMWIJoR5R-17\"><label class=\"evf-field-label\" for=\"evf-1677-field_GBMWIJoR5R-17\"><span class=\"evf-label\">Zustimmung<\/span> <abbr class=\"required\" title=\"Required\">*<\/abbr><\/label><ul id=\"evf-1677-field_GBMWIJoR5R-17\" class=\" evf-field-required\"><li class=\"choice-1 depth-1\"><input type=\"checkbox\" id=\"evf-1677-field_GBMWIJoR5R-17_1\" class=\"input-text\" name=\"everest_forms[form_fields][GBMWIJoR5R-17][]\" value=\"Ich stimme zu, dass meine Angaben aus dem Kontaktformular zur Beantwortung meiner Anfrage erhoben und verarbeitet werden. Die Daten werden f\u00fcr 10 Jahre gespeichert oder auf Wunsch gel\u00f6scht. Hinweis: Sie k\u00f6nnen Ihre Einwilligung jederzeit f\u00fcr die Zukunft per E-Mail an info@seppo-solutions.com widerrufen.\" required ><label class=\"everest-forms-field-label-inline\" for=\"evf-1677-field_GBMWIJoR5R-17_1\">Ich stimme zu, dass meine Angaben aus dem Kontaktformular zur Beantwortung meiner Anfrage erhoben und verarbeitet werden. Die Daten werden f\u00fcr 10 Jahre gespeichert oder auf Wunsch gel\u00f6scht. Hinweis: Sie k\u00f6nnen Ihre Einwilligung jederzeit f\u00fcr die Zukunft per E-Mail an info@seppo-solutions.com widerrufen.<\/label><\/li><\/ul><\/div><\/div><\/div><\/div><div class=\"evf-honeypot-container evf-field-hp\"><label for=\"evf-1677-field-hp\" class=\"evf-field-label\">Email<\/label><input type=\"text\" name=\"everest_forms[hp]\" id=\"evf-1677-field-hp\" class=\"input-text\"><\/div><div class=\"evf-recaptcha-container \" style=\"display:block\"><div class=\"g-recaptcha\" data-sitekey=\"6Lfz_5YUAAAAAGxHJs143l-VB5X27GBSk1HthiJe\"><\/div><\/div><div class=\"evf-submit-container \" ><input type=\"hidden\" name=\"everest_forms[id]\" value=\"1677\"><input type=\"hidden\" name=\"everest_forms[author]\" value=\"1\"><button type='submit' name='everest_forms[submit]' class='everest-forms-submit-button button evf-submit ' id='evf-submit-1677' value='evf-submit' data-process-text=\"\u00dcbertragung\u2026\" conditional_rules='&quot;&quot;' conditional_id='evf-submit-1677'  id=\"evf-submit-1677\" aria-live=\"assertive\">Senden<\/button><\/div><\/form><\/div><!-- .evf-container --><\/div><\/div>\n\t\t\t\t\t\t<\/div>\n\t\t\t\t<\/div>\n\t\t\t\t<div class=\"elementor-element elementor-element-zlljmjw elementor-widget elementor-widget-spacer\" data-id=\"zlljmjw\" data-element_type=\"widget\" data-widget_type=\"spacer.default\">\n\t\t\t\t<div class=\"elementor-widget-container\">\n\t\t\t\t\t\t\t<div class=\"elementor-spacer\">\n\t\t\t<div class=\"elementor-spacer-inner\"><\/div>\n\t\t<\/div>\n\t\t\t\t\t\t<\/div>\n\t\t\t\t<\/div>\n\t\t\t\t\t<\/div>\n\t\t<\/div>\n\t\t\t\t\t<\/div>\n\t\t<\/section>\n\t\t\t\t<\/div>\n\t\t","protected":false},"excerpt":{"rendered":"<p>Anschrift Ahstedter Str. 19 31174 Schellerten Deutschland Telefon +49 174 41 87 047+49 5123 32 449 55 Fax +49 5123 20 449 60 Email Adresse info@seppo-solutions.com<\/p>\n","protected":false},"author":1,"featured_media":0,"parent":0,"menu_order":0,"comment_status":"closed","ping_status":"closed","template":"","meta":{"ocean_post_layout":"full-screen","ocean_both_sidebars_style":"","ocean_both_sidebars_content_width":0,"ocean_both_sidebars_sidebars_width":0,"ocean_sidebar":"","ocean_second_sidebar":"","ocean_disable_margins":"on","ocean_add_body_class":"","ocean_shortcode_before_top_bar":"","ocean_shortcode_after_top_bar":"","ocean_shortcode_before_header":"","ocean_shortcode_after_header":"","ocean_has_shortcode":"","ocean_shortcode_after_title":"","ocean_shortcode_before_footer_widgets":"","ocean_shortcode_after_footer_widgets":"","ocean_shortcode_before_footer_bottom":"","ocean_shortcode_after_footer_bottom":"","ocean_display_top_bar":"default","ocean_display_header":"default","ocean_header_style":"","ocean_center_header_left_menu":"","ocean_custom_header_template":"","ocean_custom_logo":0,"ocean_custom_retina_logo":0,"ocean_custom_logo_max_width":0,"ocean_custom_logo_tablet_max_width":0,"ocean_custom_logo_mobile_max_width":0,"ocean_custom_logo_max_height":0,"ocean_custom_logo_tablet_max_height":0,"ocean_custom_logo_mobile_max_height":0,"ocean_header_custom_menu":"","ocean_menu_typo_font_family":"","ocean_menu_typo_font_subset":"","ocean_menu_typo_font_size":0,"ocean_menu_typo_font_size_tablet":0,"ocean_menu_typo_font_size_mobile":0,"ocean_menu_typo_font_size_unit":"px","ocean_menu_typo_font_weight":"","ocean_menu_typo_font_weight_tablet":"","ocean_menu_typo_font_weight_mobile":"","ocean_menu_typo_transform":"","ocean_menu_typo_transform_tablet":"","ocean_menu_typo_transform_mobile":"","ocean_menu_typo_line_height":0,"ocean_menu_typo_line_height_tablet":0,"ocean_menu_typo_line_height_mobile":0,"ocean_menu_typo_line_height_unit":"","ocean_menu_typo_spacing":0,"ocean_menu_typo_spacing_tablet":0,"ocean_menu_typo_spacing_mobile":0,"ocean_menu_typo_spacing_unit":"","ocean_menu_link_color":"","ocean_menu_link_color_hover":"","ocean_menu_link_color_active":"","ocean_menu_link_background":"","ocean_menu_link_hover_background":"","ocean_menu_link_active_background":"","ocean_menu_social_links_bg":"","ocean_menu_social_hover_links_bg":"","ocean_menu_social_links_color":"","ocean_menu_social_hover_links_color":"","ocean_disable_title":"on","ocean_disable_heading":"default","ocean_post_title":"","ocean_post_subheading":"","ocean_post_title_style":"","ocean_post_title_background_color":"","ocean_post_title_background":0,"ocean_post_title_bg_image_position":"","ocean_post_title_bg_image_attachment":"","ocean_post_title_bg_image_repeat":"","ocean_post_title_bg_image_size":"","ocean_post_title_height":0,"ocean_post_title_bg_overlay":0.5,"ocean_post_title_bg_overlay_color":"","ocean_disable_breadcrumbs":"default","ocean_breadcrumbs_color":"","ocean_breadcrumbs_separator_color":"","ocean_breadcrumbs_links_color":"","ocean_breadcrumbs_links_hover_color":"","ocean_display_footer_widgets":"default","ocean_display_footer_bottom":"default","ocean_custom_footer_template":"","footnotes":""},"class_list":["post-445","page","type-page","status-publish","hentry","entry"],"_links":{"self":[{"href":"https:\/\/www.seppo-solutions.com\/index.php?rest_route=\/wp\/v2\/pages\/445","targetHints":{"allow":["GET"]}}],"collection":[{"href":"https:\/\/www.seppo-solutions.com\/index.php?rest_route=\/wp\/v2\/pages"}],"about":[{"href":"https:\/\/www.seppo-solutions.com\/index.php?rest_route=\/wp\/v2\/types\/page"}],"author":[{"embeddable":true,"href":"https:\/\/www.seppo-solutions.com\/index.php?rest_route=\/wp\/v2\/users\/1"}],"replies":[{"embeddable":true,"href":"https:\/\/www.seppo-solutions.com\/index.php?rest_route=%2Fwp%2Fv2%2Fcomments&post=445"}],"version-history":[{"count":28,"href":"https:\/\/www.seppo-solutions.com\/index.php?rest_route=\/wp\/v2\/pages\/445\/revisions"}],"predecessor-version":[{"id":1684,"href":"https:\/\/www.seppo-solutions.com\/index.php?rest_route=\/wp\/v2\/pages\/445\/revisions\/1684"}],"wp:attachment":[{"href":"https:\/\/www.seppo-solutions.com\/index.php?rest_route=%2Fwp%2Fv2%2Fmedia&parent=445"}],"curies":[{"name":"wp","href":"https:\/\/api.w.org\/{rel}","templated":true}]}}